{"id":22428,"date":"2022-05-17T07:20:00","date_gmt":"2022-05-17T07:20:00","guid":{"rendered":"https:\/\/sonnyislandresort.com\/?page_id=22428"},"modified":"2025-02-28T02:30:56","modified_gmt":"2025-02-28T02:30:56","slug":"acomodaciones","status":"publish","type":"page","link":"https:\/\/sonnyislandresort.com\/es\/acomodaciones\/","title":{"rendered":"Acomodaciones"},"content":{"rendered":"<div class=\"wpb-content-wrapper\"><p>[vc_row remove_padding=\u00bbno-padding-vc-row\u00bb][vc_column]<div class=\"ult-spacer spacer-69ecdb2f35535\" data-id=\"69ecdb2f35535\" data-height=\"20\" data-height-mobile=\"10\" data-height-tab=\"\" data-height-tab-portrait=\"\" data-height-mobile-landscape=\"10\" style=\"clear:both;display:block;\"><\/div><div id=\"ultimate-heading-132769ecdb2f355a7\" class=\"uvc-heading ult-adjust-bottom-margin ultimate-heading-132769ecdb2f355a7 uvc-5001 \" data-hspacer=\"no_spacer\"  data-halign=\"center\" style=\"text-align:center\"><div class=\"uvc-heading-spacer no_spacer\" style=\"top\"><\/div><div class=\"uvc-main-heading ult-responsive\"  data-ultimate-target='.uvc-heading.ultimate-heading-132769ecdb2f355a7 h2'  data-responsive-json-new='{\"font-size\":\"\",\"line-height\":\"\"}' ><h2 style=\"font-weight:normal;\">Construida en madera 100% importada y con acabados modernos para que se sienta como en casa.<\/h2><\/div><\/div><div class=\"ult-spacer spacer-69ecdb2f355ea\" data-id=\"69ecdb2f355ea\" data-height=\"10\" data-height-mobile=\"5\" data-height-tab=\"\" data-height-tab-portrait=\"\" data-height-mobile-landscape=\"5\" style=\"clear:both;display:block;\"><\/div>[\/vc_column][\/vc_row][vc_row full_width=\u00bbstretch_row\u00bb css=\u00bb.vc_custom_1479992477396{padding-top: 65px !important;padding-bottom: 00px !important;}\u00bb el_class=\u00bboverflow-visible\u00bb][vc_column width=\u00bb2\/3&#8243;][vc_column_text]<\/p>\n<div dir=\"auto\">Cada una de nuestras caba\u00f1as cuenta con electricidad, ventiladores de techo, ba\u00f1os individuales y regaderas privadas.<br \/>\nNuestro Eco Resort incluye caba\u00f1as frente al mar y camping de lujo. Un lugar incre\u00edble para disfrutar del sonido de las olas antes de dormirse y al despertarse por la ma\u00f1ana. Las Caba\u00f1as incluyen ventilador de techo, ba\u00f1o y ducha privados y una hermosa terraza para ver el atardecer. El camping de lujo incluye ba\u00f1os y duchas compartidos y es una excelente manera de disfrutar del aire libre del camping con un toque de lujo.<\/div>\n<h1 style=\"text-align: center;\">100% Eco Friendly<\/h1>\n<p>Nuestras caba\u00f1as son amigables con el medio ambiente ya que toda su electricidad proviene de paneles solares y el agua es manejada por un tanque de almacenamiento y purificaci\u00f3n.<\/p>\n<p>Check in Caba\u00f1as 1 pm \/ check out 11 Am[\/vc_column_text][vc_tta_tour][vc_tta_section i_icon_fontawesome=\u00bbfa fa-home\u00bb add_icon=\u00bbtrue\u00bb title=\u00bbCaba\u00f1as\u00bb tab_id=\u00bbcabanas\u00bb][vc_column_text]<\/p>\n<p style=\"text-align: center;\"><strong>Costo de Caba\u00f1as<\/strong><\/p>\n<p style=\"text-align: center;\">280.00 USD por noche<\/p>\n<p>[\/vc_column_text]<div class=\" ubtn-ctn-center \"><a class=\"ubtn-link ult-adjust-bottom-margin ubtn-center ubtn-normal \" href=\"https:\/\/ferrypearlislands.com\/online-booking\/\" target=\"_blank\" rel=\"noopener\" ><button type=\"button\" id=\"ubtn-2224\"  class=\"ubtn ult-adjust-bottom-margin ult-responsive ubtn-normal ubtn-no-hover-bg  none  ubtn-center   tooltip-69ecdb2f35620\"  data-hover=\"\" data-border-color=\"\" data-bg=\"#00a5e7\" data-hover-bg=\"\" data-border-hover=\"\" data-shadow-hover=\"\" data-shadow-click=\"none\" data-shadow=\"\" data-shd-shadow=\"\"  data-ultimate-target='#ubtn-2224'  data-responsive-json-new='{\"font-size\":\"\",\"line-height\":\"\"}'  style=\"font-weight:normal;border:none;background: #00a5e7;color: #ffffff;\"><span class=\"ubtn-hover\" style=\"background-color:\"><\/span><span class=\"ubtn-data ubtn-text \" >Book Now !<\/span><\/button><\/a><\/div>[\/vc_tta_section][\/vc_tta_tour][\/vc_column][vc_column width=\u00bb1\/3&#8243;][vc_single_image image=\u00bb12165&#8243; img_size=\u00bbfull\u00bb alignment=\u00bbcenter\u00bb style=\u00bbvc_box_shadow_border\u00bb onclick=\u00bblink_image\u00bb css_animation=\u00bbfadeIn\u00bb][\/vc_column][\/vc_row][vc_row remove_padding=\u00bbno-padding-vc-row\u00bb css=\u00bb.vc_custom_1572435615122{margin-top: 0px !important;margin-bottom: 0px !important;}\u00bb][vc_column][vc_gallery type=\u00bbflexslider_slide\u00bb interval=\u00bb3&#8243; images=\u00bb12172,12174,12176,12178,12180,12182,12184,12186,12188,12190,12192&#8243; img_size=\u00bbfull\u00bb][\/vc_column][\/vc_row][vc_row full_width=\u00bbstretch_row\u00bb color_style=\u00bblight\u00bb css=\u00bb.vc_custom_1479980706133{padding-top: 10px !important;padding-bottom: 50px !important;background-color: #222222 !important;background-position: center !important;background-repeat: no-repeat !important;background-size: cover !important;}\u00bb][vc_column]<div id=\"ultimate-heading-572669ecdb2f356ea\" class=\"uvc-heading ult-adjust-bottom-margin ultimate-heading-572669ecdb2f356ea uvc-6220 \" data-hspacer=\"no_spacer\"  data-halign=\"center\" style=\"text-align:center\"><div class=\"uvc-heading-spacer no_spacer\" style=\"top\"><\/div><div class=\"uvc-main-heading ult-responsive\"  data-ultimate-target='.uvc-heading.ultimate-heading-572669ecdb2f356ea h2'  data-responsive-json-new='{\"font-size\":\"desktop:28px;\",\"line-height\":\"\"}' ><h2 style=\"font-family:&#039;Poppins&#039;;font-weight:500;margin-bottom:8px;\">Aren't you excited? Come visit us!<\/h2><\/div><\/div>[vc_empty_space height=\u00bb20px\u00bb]<div class=\"pix_button button-center\"><a href=\"https:\/\/sonnyislandresort.com\/contact\/\"  class=\"clear btn  btn-solid btn-hover-outline btn-oval  btn-md white btn-hover-white\">Contact us<\/a><\/div>[\/vc_column][\/vc_row]<\/p>\n<\/div>","protected":false},"excerpt":{"rendered":"<p>[vc_row remove_padding=\u00bbno-padding-vc-row\u00bb][vc_column][\/vc_column][\/vc_row][vc_row full_width=\u00bbstretch_row\u00bb css=\u00bb.vc_custom_1479992477396{padding-top: 65px !important;padding-bottom: 00px !important;}\u00bb el_class=\u00bboverflow-visible\u00bb][vc_column width=\u00bb2\/3&#8243;][vc_column_text] Cada una de nuestras caba\u00f1as cuenta con electricidad, ventiladores de techo, ba\u00f1os individuales y regaderas privadas. Nuestro Eco Resort incluye caba\u00f1as frente al mar y camping de lujo. Un lugar&#8230;<\/p>\n","protected":false},"author":1,"featured_media":0,"parent":0,"menu_order":0,"comment_status":"closed","ping_status":"closed","template":"","meta":{"footnotes":""},"class_list":["post-22428","page","type-page","status-publish","hentry"],"_links":{"self":[{"href":"https:\/\/sonnyislandresort.com\/es\/wp-json\/wp\/v2\/pages\/22428","targetHints":{"allow":["GET"]}}],"collection":[{"href":"https:\/\/sonnyislandresort.com\/es\/wp-json\/wp\/v2\/pages"}],"about":[{"href":"https:\/\/sonnyislandresort.com\/es\/wp-json\/wp\/v2\/types\/page"}],"author":[{"embeddable":true,"href":"https:\/\/sonnyislandresort.com\/es\/wp-json\/wp\/v2\/users\/1"}],"replies":[{"embeddable":true,"href":"https:\/\/sonnyislandresort.com\/es\/wp-json\/wp\/v2\/comments?post=22428"}],"version-history":[{"count":2,"href":"https:\/\/sonnyislandresort.com\/es\/wp-json\/wp\/v2\/pages\/22428\/revisions"}],"predecessor-version":[{"id":22632,"href":"https:\/\/sonnyislandresort.com\/es\/wp-json\/wp\/v2\/pages\/22428\/revisions\/22632"}],"wp:attachment":[{"href":"https:\/\/sonnyislandresort.com\/es\/wp-json\/wp\/v2\/media?parent=22428"}],"curies":[{"name":"wp","href":"https:\/\/api.w.org\/{rel}","templated":true}]}}